{"id":2745,"date":"2025-06-16T09:36:41","date_gmt":"2025-06-16T09:36:41","guid":{"rendered":"https:\/\/www.secretsofnatureltd.com\/al\/?page_id=2745"},"modified":"2025-06-16T09:37:57","modified_gmt":"2025-06-16T09:37:57","slug":"privacy-policy","status":"publish","type":"page","link":"https:\/\/www.secretsofnatureltd.com\/al\/privacy-policy\/","title":{"rendered":"privacy-policy"},"content":{"rendered":"\t\t<div data-elementor-type=\"wp-page\" data-elementor-id=\"2745\" class=\"elementor elementor-2745\" data-elementor-settings=\"[]\">\n\t\t\t\t\t\t\t<div class=\"elementor-section-wrap\">\n\t\t\t\t\t\t\t<section class=\"elementor-section elementor-top-section elementor-element elementor-element-31743b8 elementor-section-boxed elementor-section-height-default elementor-section-height-default\" data-id=\"31743b8\" data-element_type=\"section\">\n\t\t\t\t\t\t<div class=\"elementor-container elementor-column-gap-default\">\n\t\t\t\t\t<div class=\"elementor-column elementor-col-100 elementor-top-column elementor-element elementor-element-cabe4e0\" data-id=\"cabe4e0\" data-element_type=\"column\">\n\t\t\t<div class=\"elementor-widget-wrap elementor-element-populated\">\n\t\t\t\t\t\t\t\t<section class=\"elementor-section elementor-inner-section elementor-element elementor-element-21318fb elementor-section-boxed elementor-section-height-default elementor-section-height-default\" data-id=\"21318fb\" data-element_type=\"section\">\n\t\t\t\t\t\t<div class=\"elementor-container elementor-column-gap-default\">\n\t\t\t\t\t<div class=\"elementor-column elementor-col-100 elementor-inner-column elementor-element elementor-element-50554b8\" data-id=\"50554b8\" data-element_type=\"column\">\n\t\t\t<div class=\"elementor-widget-wrap elementor-element-populated\">\n\t\t\t\t\t\t\t\t<div class=\"elementor-element elementor-element-015e48e elementor-widget elementor-widget-heading\" data-id=\"015e48e\" data-element_type=\"widget\" data-widget_type=\"heading.default\">\n\t\t\t\t<div class=\"elementor-widget-container\">\n\t\t\t<style>\/*! elementor - v3.5.5 - 03-02-2022 *\/\n.elementor-heading-title{padding:0;margin:0;line-height:1}.elementor-widget-heading .elementor-heading-title[class*=elementor-size-]>a{color:inherit;font-size:inherit;line-height:inherit}.elementor-widget-heading .elementor-heading-title.elementor-size-small{font-size:15px}.elementor-widget-heading .elementor-heading-title.elementor-size-medium{font-size:19px}.elementor-widget-heading .elementor-heading-title.elementor-size-large{font-size:29px}.elementor-widget-heading .elementor-heading-title.elementor-size-xl{font-size:39px}.elementor-widget-heading .elementor-heading-title.elementor-size-xxl{font-size:59px}<\/style><div class=\"elementor-heading-title elementor-size-default\"><div style=\"max-width: 900px; margin: 40px auto; font-family: Arial, sans-serif; color: #273746; line-height: 1.6; padding: 0 20px;\">\n  <h2 style=\"color: #9f7107; font-weight: 400; font-size: 1.8rem; margin-bottom: 24px;\">\n    Politika e privat\u00ebsis\u00eb \u2013 Sekretet e natyr\u00ebs\n  <\/h2>\n\n  <p>\n    Kjo politik\u00eb p\u00ebrshkruan m\u00ebnyr\u00ebn se si ne mbledhim, p\u00ebrdorim dhe ruajm\u00eb t\u00eb dh\u00ebnat tuaja personale n\u00eb faqen ton\u00eb\n    <a href=\"https:\/\/www.secretsofnatureltd.com\/al\/\" target=\"_blank\" rel=\"noopener noreferrer\" style=\"color: #9f7107; text-decoration: none;\">\n      sekretetenatyres.com\n    <\/a>. P\u00ebrdorimi i faqes n\u00ebnkupton pranimin tuaj t\u00eb k\u00ebsaj politike.\n  <\/p>\n\n  <p>\n    <strong>\u00c7far\u00eb jan\u00eb t\u00eb dh\u00ebnat personale?<\/strong> T\u00eb dh\u00ebnat personale p\u00ebrfshijn\u00eb informacion si: emri, adresa, email-i, vendndodhja, historiku i blerjeve, gjinia, informacioni i kart\u00ebs s\u00eb kreditit dhe m\u00ebnyra si lundroni n\u00eb faqen ton\u00eb.\n  <\/p>\n\n  <p>\n    <strong>Mbledhja e t\u00eb dh\u00ebnave:<\/strong> Ne mbledhim informacion nga p\u00ebrdoruesit kur ata regjistrohen n\u00eb faqe, b\u00ebjn\u00eb nj\u00eb porosi, marrin pjes\u00eb n\u00eb nj\u00eb konkurs, plot\u00ebsojn\u00eb nj\u00eb pyet\u00ebsor ose na kontaktojn\u00eb p\u00ebrmes email-it. Kjo mund t\u00eb p\u00ebrfshij\u00eb emrin, email-in, adres\u00ebn, numrin e telefonit dhe t\u00eb dh\u00ebna p\u00ebr pages\u00ebn. T\u00eb dh\u00ebnat mund t\u00eb p\u00ebrdoren p\u00ebr p\u00ebrpunimin e porosive, komunikim me ju dhe p\u00ebrmir\u00ebsimin e sh\u00ebrbimeve tona. Vizitor\u00ebt mund t\u00eb shfletojn\u00eb faqen n\u00eb m\u00ebnyr\u00eb anonime, por disa funksione k\u00ebrkojn\u00eb regjistrim ose dh\u00ebnie t\u00eb t\u00eb dh\u00ebnave t\u00eb caktuara.\n  <\/p>\n\n  <p>\n    <strong>Llojet e t\u00eb dh\u00ebnave q\u00eb p\u00ebrpunojm\u00eb:<\/strong>\n  <\/p>\n\n  <ul>\n    <li>\n      <strong>T\u00eb dh\u00ebna komunikimi:<\/strong> P\u00ebrfshijn\u00eb \u00e7do mesazh q\u00eb na d\u00ebrgoni p\u00ebrmes formular\u00ebve t\u00eb kontaktit, email-it apo rrjeteve sociale. I p\u00ebrdorim p\u00ebr t\u00eb komunikuar me ju, p\u00ebr t\u00eb mbajtur regjistrime dhe p\u00ebr t\u00eb mbrojtur t\u00eb drejtat tona ligjore.\n    <\/li>\n    <li>\n      <strong>T\u00eb dh\u00ebna t\u00eb klientit:<\/strong> P\u00ebrfshijn\u00eb informacionin lidhur me blerjet \u2013 si emri, adresa e faturimit dhe d\u00ebrges\u00ebs, email-i, numri i telefonit dhe detajet e pages\u00ebs. I p\u00ebrdorim p\u00ebr t\u00eb p\u00ebrmbushur porosit\u00eb dhe p\u00ebr t\u00eb ruajtur historikun e transaksioneve.\n    <\/li>\n    <li>\n      <strong>T\u00eb dh\u00ebna t\u00eb p\u00ebrdoruesit:<\/strong> P\u00ebrfshijn\u00eb m\u00ebnyr\u00ebn se si p\u00ebrdorni faqen dhe sh\u00ebrbimet tona online. K\u00ebto t\u00eb dh\u00ebna na ndihmojn\u00eb t\u00eb menaxhojm\u00eb funksionimin e faqes dhe t\u00eb p\u00ebrmir\u00ebsojm\u00eb p\u00ebrvoj\u00ebn tuaj.\n    <\/li>\n    <li>\n      <strong>T\u00eb dh\u00ebna teknike:<\/strong> P\u00ebrfshijn\u00eb IP-n\u00eb tuaj, tiparet e shfletuesit, vizitat n\u00eb faqe, or\u00ebn dhe dat\u00ebn e p\u00ebrdorimit, si dhe informacion mbi pajisjen. I p\u00ebrdorim p\u00ebr t\u00eb analizuar p\u00ebrdorimin e faqes dhe p\u00ebr t\u00eb garantuar sigurin\u00eb.\n    <\/li>\n    <li>\n      <strong>T\u00eb dh\u00ebna marketingu:<\/strong> P\u00ebrfshijn\u00eb preferencat tuaja n\u00eb lidhje me komunikimet promocionale q\u00eb merrni nga ne ose partner\u00ebt tan\u00eb. I p\u00ebrdorim p\u00ebr t\u00eb p\u00ebrshtatur ofertat q\u00eb ju shfaqim dhe p\u00ebr t\u00eb matur efektivitetin e fushatave tona.\n    <\/li>\n  <\/ul>\n\n  <p>\n    <strong>Si i p\u00ebrdorim t\u00eb dh\u00ebnat tuaja:<\/strong> T\u00eb dh\u00ebnat tuaja mund t\u00eb p\u00ebrdoren p\u00ebr:\n  <\/p>\n\n  <ul>\n    <li>Procesimin dhe d\u00ebrgimin e porosive<\/li>\n    <li>D\u00ebrgimin e njoftimeve p\u00ebr porosit\u00eb dhe komunikime t\u00eb tjera me email<\/li>\n    <li>P\u00ebrmir\u00ebsimin e funksionimit t\u00eb faqes dhe p\u00ebrvoj\u00ebs s\u00eb p\u00ebrdoruesit<\/li>\n    <li>D\u00ebrgimin e ofertave, promocioneve dhe njoftimeve p\u00ebr produkte t\u00eb reja<\/li>\n  <\/ul>\n\n  <p>\n    <strong>Shp\u00ebrndarja e informacionit:<\/strong> Ne nuk i shesim apo tregtojm\u00eb t\u00eb dh\u00ebnat tuaja personale me pal\u00eb t\u00eb treta. Informacioni mund t\u00eb ndahet vet\u00ebm me partner\u00eb t\u00eb besuar q\u00eb ndihmojn\u00eb n\u00eb funksionimin e faqes dhe p\u00ebrpunimin e porosive, gjithmon\u00eb n\u00eb p\u00ebrputhje me politik\u00ebn ton\u00eb t\u00eb privat\u00ebsis\u00eb. Informacioni mund t\u00eb zbulohet edhe n\u00eb raste kur k\u00ebrkohet me ligj ose p\u00ebr t\u00eb mbrojtur t\u00eb drejtat tona.\n  <\/p>\n\n  <p>\n    <strong>Siguria e t\u00eb dh\u00ebnave:<\/strong> Ne zbatojm\u00eb masa sigurie p\u00ebr t\u00eb mbrojtur t\u00eb dh\u00ebnat tuaja personale. Transaksionet p\u00ebrpunohen n\u00eb m\u00ebnyr\u00eb t\u00eb sigurt p\u00ebrmes nj\u00eb ofruesi t\u00eb jasht\u00ebm t\u00eb pagesave. Megjithat\u00eb, asnj\u00eb metod\u00eb online nuk \u00ebsht\u00eb 100% e sigurt dhe ne nuk mund t\u00eb garantojm\u00eb mbrojtje absolute.\n  <\/p>\n\n  <p>\n    <strong>P\u00ebrdorimi i cookies:<\/strong> Cookies jan\u00eb skedar\u00eb t\u00eb vegj\u00ebl q\u00eb ruhen n\u00eb pajisjen tuaj p\u00ebr t\u00eb ndihmuar faqen t\u00eb kujtoj\u00eb preferencat tuaja dhe p\u00ebr t\u00eb analizuar trafikun e faqes. Ato na ndihmojn\u00eb t\u00eb ofrojm\u00eb nj\u00eb p\u00ebrvoj\u00eb m\u00eb t\u00eb mir\u00eb p\u00ebr ju. Ju mund t\u00eb zgjidhni t\u00eb mos pranoni cookies n\u00ebp\u00ebrmjet shfletuesit tuaj.\n  <\/p>\n\n  <p>\n    <strong>Ndryshimet n\u00eb politik\u00ebn e privat\u00ebsis\u00eb:<\/strong> Kjo politik\u00eb mund t\u00eb p\u00ebrdit\u00ebsohet her\u00eb pas here. Ndryshimet hyjn\u00eb n\u00eb fuqi menj\u00ebher\u00eb pas publikimit n\u00eb k\u00ebt\u00eb faqe. Ju k\u00ebshillojm\u00eb t\u00eb kontrolloni k\u00ebt\u00eb faqe p\u00ebr t\u00eb qen\u00eb t\u00eb informuar mbi \u00e7do ndryshim.\n  <\/p>\n\n  <p>\n    <strong>Na kontaktoni:<\/strong> P\u00ebr \u00e7do pyetje ose shqet\u00ebsim n\u00eb lidhje me k\u00ebt\u00eb politik\u00eb, ju lutemi shkruani n\u00eb:\n    <a href=\"mailto:sekretetenatyres@gmail.com\" style=\"color: #9f7107; text-decoration: none;\">sekretetenatyres@gmail.com<\/a>\n  <\/p>\n<\/div>\n<\/div>\t\t<\/div>\n\t\t\t\t<\/div>\n\t\t\t\t\t<\/div>\n\t\t<\/div>\n\t\t\t\t\t\t\t<\/div>\n\t\t<\/section>\n\t\t\t\t\t<\/div>\n\t\t<\/div>\n\t\t\t\t\t\t\t<\/div>\n\t\t<\/section>\n\t\t\t\t\t\t<\/div>\n\t\t\t\t\t<\/div>\n\t\t","protected":false},"excerpt":{"rendered":"<p>Politika e privat\u00ebsis\u00eb \u2013 Sekretet e natyr\u00ebs Kjo politik\u00eb p\u00ebrshkruan m\u00ebnyr\u00ebn se si ne mbledhim, p\u00ebrdorim dhe ruajm\u00eb t\u00eb dh\u00ebnat tuaja personale n\u00eb faqen ton\u00eb sekretetenatyres.com . P\u00ebrdorimi i faqes n\u00ebnkupton pranimin tuaj t\u00eb k\u00ebsaj politike. \u00c7far\u00eb jan\u00eb t\u00eb dh\u00ebnat personale? T\u00eb dh\u00ebnat personale p\u00ebrfshijn\u00eb informacion si: emri, adresa, email-i, vendndodhja, historiku i blerjeve, gjinia, &hellip;<\/p>\n<p class=\"read-more\"> <a class=\"\" href=\"https:\/\/www.secretsofnatureltd.com\/al\/privacy-policy\/\"> <span class=\"screen-reader-text\">privacy-policy<\/span> Read More &raquo;<\/a><\/p>\n","protected":false},"author":1,"featured_media":0,"parent":0,"menu_order":0,"comment_status":"closed","ping_status":"closed","template":"","meta":{"site-sidebar-layout":"no-sidebar","site-content-layout":"page-builder","ast-main-header-display":"","ast-hfb-above-header-display":"","ast-hfb-below-header-display":"","ast-hfb-mobile-header-display":"","site-post-title":"disabled","ast-breadcrumbs-content":"","ast-featured-img":"disabled","footer-sml-layout":"","theme-transparent-header-meta":"","adv-header-id-meta":"","stick-header-meta":"","header-above-stick-meta":"","header-main-stick-meta":"","header-below-stick-meta":"","footnotes":""},"class_list":["post-2745","page","type-page","status-publish","hentry"],"_links":{"self":[{"href":"https:\/\/www.secretsofnatureltd.com\/al\/wp-json\/wp\/v2\/pages\/2745","targetHints":{"allow":["GET"]}}],"collection":[{"href":"https:\/\/www.secretsofnatureltd.com\/al\/wp-json\/wp\/v2\/pages"}],"about":[{"href":"https:\/\/www.secretsofnatureltd.com\/al\/wp-json\/wp\/v2\/types\/page"}],"author":[{"embeddable":true,"href":"https:\/\/www.secretsofnatureltd.com\/al\/wp-json\/wp\/v2\/users\/1"}],"replies":[{"embeddable":true,"href":"https:\/\/www.secretsofnatureltd.com\/al\/wp-json\/wp\/v2\/comments?post=2745"}],"version-history":[{"count":4,"href":"https:\/\/www.secretsofnatureltd.com\/al\/wp-json\/wp\/v2\/pages\/2745\/revisions"}],"predecessor-version":[{"id":2749,"href":"https:\/\/www.secretsofnatureltd.com\/al\/wp-json\/wp\/v2\/pages\/2745\/revisions\/2749"}],"wp:attachment":[{"href":"https:\/\/www.secretsofnatureltd.com\/al\/wp-json\/wp\/v2\/media?parent=2745"}],"curies":[{"name":"wp","href":"https:\/\/api.w.org\/{rel}","templated":true}]}}