{"id":2736,"date":"2025-06-16T08:59:01","date_gmt":"2025-06-16T08:59:01","guid":{"rendered":"https:\/\/www.secretsofnatureltd.com\/al\/?page_id=2736"},"modified":"2025-06-16T09:39:13","modified_gmt":"2025-06-16T09:39:13","slug":"returns","status":"publish","type":"page","link":"https:\/\/www.secretsofnatureltd.com\/al\/returns\/","title":{"rendered":"Returns"},"content":{"rendered":"\t\t<div data-elementor-type=\"wp-page\" data-elementor-id=\"2736\" class=\"elementor elementor-2736\" data-elementor-settings=\"[]\">\n\t\t\t\t\t\t\t<div class=\"elementor-section-wrap\">\n\t\t\t\t\t\t\t<section class=\"elementor-section elementor-top-section elementor-element elementor-element-5f0020a elementor-section-boxed elementor-section-height-default elementor-section-height-default\" data-id=\"5f0020a\" data-element_type=\"section\">\n\t\t\t\t\t\t<div class=\"elementor-container elementor-column-gap-default\">\n\t\t\t\t\t<div class=\"elementor-column elementor-col-100 elementor-top-column elementor-element elementor-element-360e396\" data-id=\"360e396\" data-element_type=\"column\">\n\t\t\t<div class=\"elementor-widget-wrap elementor-element-populated\">\n\t\t\t\t\t\t\t\t<section class=\"elementor-section elementor-inner-section elementor-element elementor-element-01dfe2d elementor-section-boxed elementor-section-height-default elementor-section-height-default\" data-id=\"01dfe2d\" data-element_type=\"section\">\n\t\t\t\t\t\t<div class=\"elementor-container elementor-column-gap-default\">\n\t\t\t\t\t<div class=\"elementor-column elementor-col-100 elementor-inner-column elementor-element elementor-element-590a2d1\" data-id=\"590a2d1\" data-element_type=\"column\">\n\t\t\t<div class=\"elementor-widget-wrap elementor-element-populated\">\n\t\t\t\t\t\t\t\t<div class=\"elementor-element elementor-element-0eb259f elementor-widget elementor-widget-heading\" data-id=\"0eb259f\" data-element_type=\"widget\" data-widget_type=\"heading.default\">\n\t\t\t\t<div class=\"elementor-widget-container\">\n\t\t\t<style>\/*! elementor - v3.5.5 - 03-02-2022 *\/\n.elementor-heading-title{padding:0;margin:0;line-height:1}.elementor-widget-heading .elementor-heading-title[class*=elementor-size-]>a{color:inherit;font-size:inherit;line-height:inherit}.elementor-widget-heading .elementor-heading-title.elementor-size-small{font-size:15px}.elementor-widget-heading .elementor-heading-title.elementor-size-medium{font-size:19px}.elementor-widget-heading .elementor-heading-title.elementor-size-large{font-size:29px}.elementor-widget-heading .elementor-heading-title.elementor-size-xl{font-size:39px}.elementor-widget-heading .elementor-heading-title.elementor-size-xxl{font-size:59px}<\/style><div class=\"elementor-heading-title elementor-size-default\"><div style=\"max-width: 900px; margin: 40px auto; font-family: Arial, sans-serif; color: #273746; line-height: 1.6; padding: 0 20px;\">\n  <h2 style=\"color: #9f7107; font-weight: 400; font-size: 1.8rem; margin-bottom: 24px;\">\n    Politika e kthimit \u2013 Sekretet e natyr\u00ebs\n  <\/h2>\n\n  <p>\n    Produktet kozmetike dhe suplementet e pap\u00ebrdorura n\u00eb gjendje origjinale mund t\u00eb kthehen brenda 30 dit\u00ebve nga data e blerjes n\u00eb dyqanin ton\u00eb.\n  <\/p>\n\n  <p>\n    Produktet e blera n\u00eb \n    <a href=\"https:\/\/www.secretsofnatureltd.com\/al\/\" target=\"_blank\" rel=\"noopener noreferrer\" style=\"color: #9f7107; text-decoration: none;\">\n      faqen ton\u00eb\n    <\/a> \n    mund t\u00eb kthehen me post\u00eb brenda 30 dit\u00ebve (p\u00ebrjashtuar shpenzimet e transportit).  \n    P\u00ebr udh\u00ebzime, shkruani n\u00eb: \n    <a href=\"mailto:sekretetenatyres@gmail.com\" style=\"color: #9f7107; text-decoration: none;\">\n      sekretetenatyres@gmail.com\n    <\/a> \n    me subjektin \u201cReturn\u201d.\n  <\/p>\n\n  <p><strong>Me fatur\u00eb origjinale:<\/strong> Rimbursim i plot\u00eb n\u00eb m\u00ebnyr\u00ebn e pages\u00ebs. N\u00ebse pagesa \u00ebsht\u00eb me gift card, jepet kredit.<\/p>\n\n  <p><strong>Pa fatur\u00eb ose pas 30 dit\u00ebsh:<\/strong> Kthimet trajtohen rast pas rasti.<\/p>\n\n  <p><strong>Produktet dixhitale nuk rimbursohen.<\/strong><\/p>\n<\/div>\n<\/div>\t\t<\/div>\n\t\t\t\t<\/div>\n\t\t\t\t\t<\/div>\n\t\t<\/div>\n\t\t\t\t\t\t\t<\/div>\n\t\t<\/section>\n\t\t\t\t\t<\/div>\n\t\t<\/div>\n\t\t\t\t\t\t\t<\/div>\n\t\t<\/section>\n\t\t\t\t<section class=\"elementor-section elementor-top-section elementor-element elementor-element-7759e7c elementor-section-boxed elementor-section-height-default elementor-section-height-default\" data-id=\"7759e7c\" data-element_type=\"section\">\n\t\t\t\t\t\t<div class=\"elementor-container elementor-column-gap-default\">\n\t\t\t\t\t<div class=\"elementor-column elementor-col-100 elementor-top-column elementor-element elementor-element-9d78abc\" data-id=\"9d78abc\" data-element_type=\"column\">\n\t\t\t<div class=\"elementor-widget-wrap\">\n\t\t\t\t\t\t\t\t\t<\/div>\n\t\t<\/div>\n\t\t\t\t\t\t\t<\/div>\n\t\t<\/section>\n\t\t\t\t\t\t<\/div>\n\t\t\t\t\t<\/div>\n\t\t","protected":false},"excerpt":{"rendered":"<p>Politika e kthimit \u2013 Sekretet e natyr\u00ebs Produktet kozmetike dhe suplementet e pap\u00ebrdorura n\u00eb gjendje origjinale mund t\u00eb kthehen brenda 30 dit\u00ebve nga data e blerjes n\u00eb dyqanin ton\u00eb. Produktet e blera n\u00eb faqen ton\u00eb mund t\u00eb kthehen me post\u00eb brenda 30 dit\u00ebve (p\u00ebrjashtuar shpenzimet e transportit). P\u00ebr udh\u00ebzime, shkruani n\u00eb: sekretetenatyres@gmail.com me subjektin \u201cReturn\u201d. &hellip;<\/p>\n<p class=\"read-more\"> <a class=\"\" href=\"https:\/\/www.secretsofnatureltd.com\/al\/returns\/\"> <span class=\"screen-reader-text\">Returns<\/span> Read More &raquo;<\/a><\/p>\n","protected":false},"author":1,"featured_media":0,"parent":0,"menu_order":0,"comment_status":"closed","ping_status":"closed","template":"","meta":{"site-sidebar-layout":"no-sidebar","site-content-layout":"page-builder","ast-main-header-display":"","ast-hfb-above-header-display":"","ast-hfb-below-header-display":"","ast-hfb-mobile-header-display":"","site-post-title":"disabled","ast-breadcrumbs-content":"","ast-featured-img":"disabled","footer-sml-layout":"","theme-transparent-header-meta":"","adv-header-id-meta":"","stick-header-meta":"","header-above-stick-meta":"","header-main-stick-meta":"","header-below-stick-meta":"","footnotes":""},"class_list":["post-2736","page","type-page","status-publish","hentry"],"_links":{"self":[{"href":"https:\/\/www.secretsofnatureltd.com\/al\/wp-json\/wp\/v2\/pages\/2736","targetHints":{"allow":["GET"]}}],"collection":[{"href":"https:\/\/www.secretsofnatureltd.com\/al\/wp-json\/wp\/v2\/pages"}],"about":[{"href":"https:\/\/www.secretsofnatureltd.com\/al\/wp-json\/wp\/v2\/types\/page"}],"author":[{"embeddable":true,"href":"https:\/\/www.secretsofnatureltd.com\/al\/wp-json\/wp\/v2\/users\/1"}],"replies":[{"embeddable":true,"href":"https:\/\/www.secretsofnatureltd.com\/al\/wp-json\/wp\/v2\/comments?post=2736"}],"version-history":[{"count":10,"href":"https:\/\/www.secretsofnatureltd.com\/al\/wp-json\/wp\/v2\/pages\/2736\/revisions"}],"predecessor-version":[{"id":2752,"href":"https:\/\/www.secretsofnatureltd.com\/al\/wp-json\/wp\/v2\/pages\/2736\/revisions\/2752"}],"wp:attachment":[{"href":"https:\/\/www.secretsofnatureltd.com\/al\/wp-json\/wp\/v2\/media?parent=2736"}],"curies":[{"name":"wp","href":"https:\/\/api.w.org\/{rel}","templated":true}]}}