{"id":2199,"date":"2024-07-10T10:29:14","date_gmt":"2024-07-10T10:29:14","guid":{"rendered":"https:\/\/www.secretsofnatureltd.com\/al\/?page_id=2199"},"modified":"2025-08-05T07:51:06","modified_gmt":"2025-08-05T07:51:06","slug":"trajnim","status":"publish","type":"page","link":"https:\/\/www.secretsofnatureltd.com\/al\/trajnim\/","title":{"rendered":"Trajnim"},"content":{"rendered":"\t\t<div data-elementor-type=\"wp-page\" data-elementor-id=\"2199\" class=\"elementor elementor-2199\" data-elementor-settings=\"[]\">\n\t\t\t\t\t\t\t<div class=\"elementor-section-wrap\">\n\t\t\t\t\t\t\t<section class=\"elementor-section elementor-top-section elementor-element elementor-element-48d891a elementor-section-boxed elementor-section-height-default elementor-section-height-default\" data-id=\"48d891a\" data-element_type=\"section\" data-settings=\"{&quot;background_background&quot;:&quot;classic&quot;}\">\n\t\t\t\t\t\t<div class=\"elementor-container elementor-column-gap-default\">\n\t\t\t\t\t<div class=\"elementor-column elementor-col-100 elementor-top-column elementor-element elementor-element-239a9ed\" data-id=\"239a9ed\" data-element_type=\"column\">\n\t\t\t<div class=\"elementor-widget-wrap elementor-element-populated\">\n\t\t\t\t\t\t\t\t<div class=\"elementor-element elementor-element-6268b41 elementor-widget elementor-widget-image\" data-id=\"6268b41\" data-element_type=\"widget\" data-widget_type=\"image.default\">\n\t\t\t\t<div class=\"elementor-widget-container\">\n\t\t\t<style>\/*! elementor - v3.5.5 - 03-02-2022 *\/\n.elementor-widget-image{text-align:center}.elementor-widget-image a{display:inline-block}.elementor-widget-image a img[src$=\".svg\"]{width:48px}.elementor-widget-image img{vertical-align:middle;display:inline-block}<\/style>\t\t\t\t\t\t\t\t\t\t\t\t<img loading=\"lazy\" decoding=\"async\" width=\"300\" height=\"159\" src=\"https:\/\/www.secretsofnatureltd.com\/al\/wp-content\/uploads\/sites\/2\/2024\/07\/Akademia-e-Shendetit-Logo-300x159.png\" class=\"attachment-medium size-medium\" alt=\"\" srcset=\"https:\/\/www.secretsofnatureltd.com\/al\/wp-content\/uploads\/sites\/2\/2024\/07\/Akademia-e-Shendetit-Logo-300x159.png 300w, https:\/\/www.secretsofnatureltd.com\/al\/wp-content\/uploads\/sites\/2\/2024\/07\/Akademia-e-Shendetit-Logo-1024x541.png 1024w, https:\/\/www.secretsofnatureltd.com\/al\/wp-content\/uploads\/sites\/2\/2024\/07\/Akademia-e-Shendetit-Logo-768x406.png 768w, https:\/\/www.secretsofnatureltd.com\/al\/wp-content\/uploads\/sites\/2\/2024\/07\/Akademia-e-Shendetit-Logo-1536x812.png 1536w, https:\/\/www.secretsofnatureltd.com\/al\/wp-content\/uploads\/sites\/2\/2024\/07\/Akademia-e-Shendetit-Logo-2048x1082.png 2048w, https:\/\/www.secretsofnatureltd.com\/al\/wp-content\/uploads\/sites\/2\/2024\/07\/Akademia-e-Shendetit-Logo-600x317.png 600w\" sizes=\"auto, (max-width: 300px) 100vw, 300px\" \/>\t\t\t\t\t\t\t\t\t\t\t\t\t\t\t<\/div>\n\t\t\t\t<\/div>\n\t\t\t\t\t<\/div>\n\t\t<\/div>\n\t\t\t\t\t\t\t<\/div>\n\t\t<\/section>\n\t\t\t\t<section class=\"elementor-section elementor-top-section elementor-element elementor-element-84ed040 elementor-section-boxed elementor-section-height-default elementor-section-height-default\" data-id=\"84ed040\" data-element_type=\"section\">\n\t\t\t\t\t\t<div class=\"elementor-container elementor-column-gap-default\">\n\t\t\t\t\t<div class=\"elementor-column elementor-col-100 elementor-top-column elementor-element elementor-element-ae31731\" data-id=\"ae31731\" data-element_type=\"column\">\n\t\t\t<div class=\"elementor-widget-wrap elementor-element-populated\">\n\t\t\t\t\t\t\t\t<div class=\"elementor-element elementor-element-ae315d9 elementor-widget elementor-widget-accordion\" data-id=\"ae315d9\" data-element_type=\"widget\" data-widget_type=\"accordion.default\">\n\t\t\t\t<div class=\"elementor-widget-container\">\n\t\t\t<style>\/*! elementor - v3.5.5 - 03-02-2022 *\/\n.elementor-accordion{text-align:left}.elementor-accordion .elementor-accordion-item{border:1px solid #d4d4d4}.elementor-accordion .elementor-accordion-item+.elementor-accordion-item{border-top:none}.elementor-accordion .elementor-tab-title{margin:0;padding:15px 20px;font-weight:700;line-height:1;cursor:pointer;outline:none}.elementor-accordion .elementor-tab-title .elementor-accordion-icon{display:inline-block;width:1.5em}.elementor-accordion .elementor-tab-title .elementor-accordion-icon svg{width:1em;height:1em}.elementor-accordion .elementor-tab-title .elementor-accordion-icon.elementor-accordion-icon-right{float:right;text-align:right}.elementor-accordion .elementor-tab-title .elementor-accordion-icon.elementor-accordion-icon-left{float:left;text-align:left}.elementor-accordion .elementor-tab-title .elementor-accordion-icon .elementor-accordion-icon-closed{display:block}.elementor-accordion .elementor-tab-title .elementor-accordion-icon .elementor-accordion-icon-opened,.elementor-accordion .elementor-tab-title.elementor-active .elementor-accordion-icon-closed{display:none}.elementor-accordion .elementor-tab-title.elementor-active .elementor-accordion-icon-opened{display:block}.elementor-accordion .elementor-tab-content{display:none;padding:15px 20px;border-top:1px solid #d4d4d4}@media (max-width:767px){.elementor-accordion .elementor-tab-title{padding:12px 15px}.elementor-accordion .elementor-tab-title .elementor-accordion-icon{width:1.2em}.elementor-accordion .elementor-tab-content{padding:7px 15px}}<\/style>\t\t<div class=\"elementor-accordion\" role=\"tablist\">\n\t\t\t\t\t\t\t<div class=\"elementor-accordion-item\">\n\t\t\t\t\t<div id=\"elementor-tab-title-1821\" class=\"elementor-tab-title\" data-tab=\"1\" role=\"tab\" aria-controls=\"elementor-tab-content-1821\" aria-expanded=\"false\">\n\t\t\t\t\t\t\t\t\t\t\t\t\t<span class=\"elementor-accordion-icon elementor-accordion-icon-left\" aria-hidden=\"true\">\n\t\t\t\t\t\t\t\t\t\t\t\t\t\t\t<span class=\"elementor-accordion-icon-closed\"><i class=\"fas fa-chevron-down\"><\/i><\/span>\n\t\t\t\t\t\t\t\t<span class=\"elementor-accordion-icon-opened\"><i class=\"fas fa-chevron-up\"><\/i><\/span>\n\t\t\t\t\t\t\t\t\t\t\t\t\t\t<\/span>\n\t\t\t\t\t\t\t\t\t\t\t\t<a class=\"elementor-accordion-title\" href=\"\">Konsult\u00eb Sh\u00ebndet\u00ebsore me Erion\u00ebn (15min)<\/a>\n\t\t\t\t\t<\/div>\n\t\t\t\t\t<div id=\"elementor-tab-content-1821\" class=\"elementor-tab-content elementor-clearfix\" data-tab=\"1\" role=\"tabpanel\" aria-labelledby=\"elementor-tab-title-1821\">Keni nevoj\u00eb p\u00ebr nj\u00eb qasje m\u00eb t\u00eb thelluar dhe t\u00eb personalizuar p\u00ebr sh\u00ebndetin tuaj? Takimi fillestar prej 60 minutash \u00ebsht\u00eb nj\u00eb mund\u00ebsi ideale p\u00ebr t\u00eb eksploruar rr\u00ebnj\u00ebn e shqet\u00ebsimeve tuaja dhe p\u00ebr t\u00eb hartuar nj\u00eb plan q\u00eb i p\u00ebrshtatet nevojave tuaja.\n\n<strong>\u00c7far\u00eb p\u00ebrfshin ky takim?<\/strong>\n<ul>\n \t<li>Diskutim i detajuar mbi shqet\u00ebsimet tuaja kryesore dhe historikun sh\u00ebndet\u00ebsor.<\/li>\n \t<li>Rishikim i stilit tuaj t\u00eb jetes\u00ebs, p\u00ebrfshir\u00eb ushqimin, gjumin dhe menaxhimin e stresit.<\/li>\n \t<li>Identifikimi i q\u00ebllimeve tuaja sh\u00ebndet\u00ebsore dhe rezultateve q\u00eb d\u00ebshironi t\u00eb arrini.<\/li>\n \t<li>Rekomandime t\u00eb personalizuara p\u00ebr ndryshime n\u00eb stilin e jet\u00ebs dhe hapa t\u00eb m\u00ebtejsh\u00ebm drejt mir\u00ebqenies optimale.<\/li>\n<\/ul>\nKy takim \u00ebsht\u00eb i p\u00ebrshtatsh\u00ebm p\u00ebr ata q\u00eb k\u00ebrkojn\u00eb zgjidhje gjith\u00ebp\u00ebrfshir\u00ebse p\u00ebr sh\u00ebndetin dhe duan t\u00eb nd\u00ebrtojn\u00eb nj\u00eb plan q\u00eb mb\u00ebshtetet n\u00eb parimet e mir\u00ebqenies funksionale.\n\n<!-- New line -->\n<div style=\"text-align: center;\"><button style=\"padding: 10px 20px; font-size: 16px; background-color: #d3ae1a; border: none; border-radius: 5px;\">\n<a style=\"text-decoration: none; color: white;\" href=\"https:\/\/buy.stripe.com\/00waEX95X6B6gqn8au3F60f\">Paguaj<\/a>\n<\/button><\/div><\/div>\n\t\t\t\t<\/div>\n\t\t\t\t\t\t\t\t<\/div>\n\t\t\t\t<\/div>\n\t\t\t\t<\/div>\n\t\t\t\t\t<\/div>\n\t\t<\/div>\n\t\t\t\t\t\t\t<\/div>\n\t\t<\/section>\n\t\t\t\t<section class=\"elementor-section elementor-top-section elementor-element elementor-element-4cbc0fb elementor-section-boxed elementor-section-height-default elementor-section-height-default\" data-id=\"4cbc0fb\" data-element_type=\"section\">\n\t\t\t\t\t\t<div class=\"elementor-container elementor-column-gap-default\">\n\t\t\t\t\t<div class=\"elementor-column elementor-col-100 elementor-top-column elementor-element elementor-element-4642317\" data-id=\"4642317\" data-element_type=\"column\">\n\t\t\t<div class=\"elementor-widget-wrap elementor-element-populated\">\n\t\t\t\t\t\t\t\t<div class=\"elementor-element elementor-element-67eff0d elementor-widget elementor-widget-accordion\" data-id=\"67eff0d\" data-element_type=\"widget\" data-widget_type=\"accordion.default\">\n\t\t\t\t<div class=\"elementor-widget-container\">\n\t\t\t\t\t<div class=\"elementor-accordion\" role=\"tablist\">\n\t\t\t\t\t\t\t<div class=\"elementor-accordion-item\">\n\t\t\t\t\t<div id=\"elementor-tab-title-1081\" class=\"elementor-tab-title\" data-tab=\"1\" role=\"tab\" aria-controls=\"elementor-tab-content-1081\" aria-expanded=\"false\">\n\t\t\t\t\t\t\t\t\t\t\t\t\t<span class=\"elementor-accordion-icon elementor-accordion-icon-left\" aria-hidden=\"true\">\n\t\t\t\t\t\t\t\t\t\t\t\t\t\t\t<span class=\"elementor-accordion-icon-closed\"><i class=\"fas fa-chevron-down\"><\/i><\/span>\n\t\t\t\t\t\t\t\t<span class=\"elementor-accordion-icon-opened\"><i class=\"fas fa-chevron-up\"><\/i><\/span>\n\t\t\t\t\t\t\t\t\t\t\t\t\t\t<\/span>\n\t\t\t\t\t\t\t\t\t\t\t\t<a class=\"elementor-accordion-title\" href=\"\">Konsult\u00eb Sh\u00ebndet\u00ebsore me Erion\u00ebn (60min)\u200b<\/a>\n\t\t\t\t\t<\/div>\n\t\t\t\t\t<div id=\"elementor-tab-content-1081\" class=\"elementor-tab-content elementor-clearfix\" data-tab=\"1\" role=\"tabpanel\" aria-labelledby=\"elementor-tab-title-1081\">Keni nevoj\u00eb p\u00ebr nj\u00eb qasje m\u00eb t\u00eb thelluar dhe t\u00eb personalizuar p\u00ebr sh\u00ebndetin tuaj? Takimi fillestar prej 60 minutash \u00ebsht\u00eb nj\u00eb mund\u00ebsi ideale p\u00ebr t\u00eb eksploruar rr\u00ebnj\u00ebn e shqet\u00ebsimeve tuaja dhe p\u00ebr t\u00eb hartuar nj\u00eb plan q\u00eb i p\u00ebrshtatet nevojave tuaja.\n\n<strong>\u00c7far\u00eb p\u00ebrfshin ky takim?<\/strong>\n<ul>\n \t<li>Diskutim i detajuar mbi shqet\u00ebsimet tuaja kryesore dhe historikun sh\u00ebndet\u00ebsor.<\/li>\n \t<li>Rishikim i stilit tuaj t\u00eb jetes\u00ebs, p\u00ebrfshir\u00eb ushqimin, gjumin dhe menaxhimin e stresit.<\/li>\n \t<li>Identifikimi i q\u00ebllimeve tuaja sh\u00ebndet\u00ebsore dhe rezultateve q\u00eb d\u00ebshironi t\u00eb arrini.<\/li>\n \t<li>Rekomandime t\u00eb personalizuara p\u00ebr ndryshime n\u00eb stilin e jet\u00ebs dhe hapa t\u00eb m\u00ebtejsh\u00ebm drejt mir\u00ebqenies optimale.<\/li>\n<\/ul>\nKy takim \u00ebsht\u00eb i p\u00ebrshtatsh\u00ebm p\u00ebr ata q\u00eb k\u00ebrkojn\u00eb zgjidhje gjith\u00ebp\u00ebrfshir\u00ebse p\u00ebr sh\u00ebndetin dhe duan t\u00eb nd\u00ebrtojn\u00eb nj\u00eb plan q\u00eb mb\u00ebshtetet n\u00eb parimet e mir\u00ebqenies funksionale.\n\n<!-- New line -->\n<div style=\"text-align: center;\"><button style=\"padding: 10px 20px; font-size: 16px; background-color: #d3ae1a; border: none; border-radius: 5px;\">\n<a style=\"text-decoration: none; color: white;\" href=\"https:\/\/buy.stripe.com\/4gM8wPbe5gbG5LJ4Yi3F60g\">Paguaj<\/a>\n<\/button><\/div><\/div>\n\t\t\t\t<\/div>\n\t\t\t\t\t\t\t\t<\/div>\n\t\t\t\t<\/div>\n\t\t\t\t<\/div>\n\t\t\t\t\t<\/div>\n\t\t<\/div>\n\t\t\t\t\t\t\t<\/div>\n\t\t<\/section>\n\t\t\t\t<section class=\"elementor-section elementor-top-section elementor-element elementor-element-e75cacc elementor-section-boxed elementor-section-height-default elementor-section-height-default\" data-id=\"e75cacc\" data-element_type=\"section\">\n\t\t\t\t\t\t<div class=\"elementor-container elementor-column-gap-default\">\n\t\t\t\t\t<div class=\"elementor-column elementor-col-100 elementor-top-column elementor-element elementor-element-e669f28\" data-id=\"e669f28\" data-element_type=\"column\">\n\t\t\t<div class=\"elementor-widget-wrap elementor-element-populated\">\n\t\t\t\t\t\t\t\t<div class=\"elementor-element elementor-element-c1f0638 elementor-widget elementor-widget-accordion\" data-id=\"c1f0638\" data-element_type=\"widget\" data-widget_type=\"accordion.default\">\n\t\t\t\t<div class=\"elementor-widget-container\">\n\t\t\t\t\t<div class=\"elementor-accordion\" role=\"tablist\">\n\t\t\t\t\t\t\t<div class=\"elementor-accordion-item\">\n\t\t\t\t\t<div id=\"elementor-tab-title-2031\" class=\"elementor-tab-title\" data-tab=\"1\" role=\"tab\" aria-controls=\"elementor-tab-content-2031\" aria-expanded=\"false\">\n\t\t\t\t\t\t\t\t\t\t\t\t\t<span class=\"elementor-accordion-icon elementor-accordion-icon-left\" aria-hidden=\"true\">\n\t\t\t\t\t\t\t\t\t\t\t\t\t\t\t<span class=\"elementor-accordion-icon-closed\"><i class=\"fas fa-chevron-down\"><\/i><\/span>\n\t\t\t\t\t\t\t\t<span class=\"elementor-accordion-icon-opened\"><i class=\"fas fa-chevron-up\"><\/i><\/span>\n\t\t\t\t\t\t\t\t\t\t\t\t\t\t<\/span>\n\t\t\t\t\t\t\t\t\t\t\t\t<a class=\"elementor-accordion-title\" href=\"\">Konsult\u00eb Life Coaching me Erion\u00ebn (60min)<\/a>\n\t\t\t\t\t<\/div>\n\t\t\t\t\t<div id=\"elementor-tab-content-2031\" class=\"elementor-tab-content elementor-clearfix\" data-tab=\"1\" role=\"tabpanel\" aria-labelledby=\"elementor-tab-title-2031\"><strong>Jeni gati t\u00eb b\u00ebni ndryshime pozitive dhe t\u00eb krijoni nj\u00eb jet\u00eb t\u00eb ekuilibruar?\n<\/strong>\nLife coaching p\u00ebrmes mir\u00ebqenies holistike \u00ebsht\u00eb nj\u00eb proces q\u00eb ju ndihmon t\u00eb arrini q\u00ebllimet tuaja personale, t\u00eb p\u00ebrmir\u00ebsoni zakonet e jetes\u00ebs dhe t\u00eb adresoni sfidat q\u00eb lidhen me sh\u00ebndetin emocional, marr\u00ebdh\u00ebniet nd\u00ebrnjer\u00ebzore dhe mir\u00ebqenien e p\u00ebrgjithshme.\n\n<strong>\u00c7far\u00eb p\u00ebrfshin ky proces?<\/strong>\n<ul>\n \t<li>Diskutim mbi sfidat dhe aspiratat tuaja kryesore, p\u00ebrfshir\u00eb marr\u00ebdh\u00ebniet personale dhe nd\u00ebrnjer\u00ebzore.<\/li>\n \t<li>Rishikim t\u00eb stilit t\u00eb jetes\u00ebs, p\u00ebrfshir\u00eb ushqimin, menaxhimin e stresit dhe balanc\u00ebn mes jet\u00ebs personale dhe profesionale.<\/li>\n \t<li>Identifikim t\u00eb q\u00ebllimeve q\u00eb d\u00ebshironi t\u00eb arrini dhe hapave praktik\u00eb p\u00ebr t\u2019i realizuar ato.<\/li>\n \t<li>Mb\u00ebshtetje p\u00ebr t\u00eb adresuar dhe kap\u00ebrcyer sfidat n\u00eb marr\u00ebdh\u00ebnie me t\u00eb tjer\u00ebt, qoft\u00eb n\u00eb aspektin personal apo profesional.<\/li>\n \t<li>Rekomandime p\u00ebr strategji t\u00eb personalizuara q\u00eb nxisin zhvillimin personal, forcimin e marr\u00ebdh\u00ebnieve dhe mir\u00ebqenien emocionale.<\/li>\n<\/ul>\nKy sh\u00ebrbim \u00ebsht\u00eb i dedikuar p\u00ebr ata q\u00eb k\u00ebrkojn\u00eb t\u00eb p\u00ebrmir\u00ebsojn\u00eb cil\u00ebsin\u00eb e jet\u00ebs, t\u00eb forcojn\u00eb vet\u00ebbesimin, t\u00eb tejkalojn\u00eb sfidat n\u00eb marr\u00ebdh\u00ebniet nd\u00ebrnjer\u00ebzore dhe t\u00eb krijojn\u00eb nj\u00eb harmoni t\u00eb q\u00ebndrueshme mes mendjes, trupit dhe shpirtit.\n\n<!-- New line -->\n<div style=\"text-align: center;\"><button style=\"padding: 10px 20px; font-size: 16px; background-color: #d3ae1a; border: none; border-radius: 5px;\">\n<a style=\"text-decoration: none; color: white;\" href=\"https:\/\/buy.stripe.com\/bJe8wP2Hz4sY1vt76q3F60e\">Paguaj<\/a>\n<\/button><\/div><\/div>\n\t\t\t\t<\/div>\n\t\t\t\t\t\t\t\t<\/div>\n\t\t\t\t<\/div>\n\t\t\t\t<\/div>\n\t\t\t\t\t<\/div>\n\t\t<\/div>\n\t\t\t\t\t\t\t<\/div>\n\t\t<\/section>\n\t\t\t\t<section class=\"elementor-section elementor-top-section elementor-element elementor-element-355df71 elementor-section-boxed elementor-section-height-default elementor-section-height-default\" data-id=\"355df71\" data-element_type=\"section\" data-settings=\"{&quot;background_background&quot;:&quot;classic&quot;}\">\n\t\t\t\t\t\t\t<div class=\"elementor-background-overlay\"><\/div>\n\t\t\t\t\t\t\t<div class=\"elementor-container elementor-column-gap-default\">\n\t\t\t\t\t<div class=\"elementor-column elementor-col-100 elementor-top-column elementor-element elementor-element-0fc3834\" data-id=\"0fc3834\" data-element_type=\"column\">\n\t\t\t<div class=\"elementor-widget-wrap elementor-element-populated\">\n\t\t\t\t\t\t\t\t<div class=\"elementor-element elementor-element-45fd554 elementor-widget elementor-widget-heading\" data-id=\"45fd554\" data-element_type=\"widget\" data-widget_type=\"heading.default\">\n\t\t\t\t<div class=\"elementor-widget-container\">\n\t\t\t<style>\/*! elementor - v3.5.5 - 03-02-2022 *\/\n.elementor-heading-title{padding:0;margin:0;line-height:1}.elementor-widget-heading .elementor-heading-title[class*=elementor-size-]>a{color:inherit;font-size:inherit;line-height:inherit}.elementor-widget-heading .elementor-heading-title.elementor-size-small{font-size:15px}.elementor-widget-heading .elementor-heading-title.elementor-size-medium{font-size:19px}.elementor-widget-heading .elementor-heading-title.elementor-size-large{font-size:29px}.elementor-widget-heading .elementor-heading-title.elementor-size-xl{font-size:39px}.elementor-widget-heading .elementor-heading-title.elementor-size-xxl{font-size:59px}<\/style><h6 class=\"elementor-heading-title elementor-size-medium\"><p style=\"font-family: 'YAFdJjTk5UU 0', _fb_, auto; --cyV3ZQ: 18.6672px; --gJPlXQ: 1.4; text-transform: none; line-height: 26px;\">\n  <span style=\"color: var(--ast-global-color-2); font-style: inherit; font-weight: inherit;\">*N<\/span><span style=\"color: var(--ast-global-color-2); font-style: inherit;\">\u00eb momentin q<\/span><span style=\"color: var(--ast-global-color-2); font-style: inherit;\">\u00eb b<\/span><span style=\"color: var(--ast-global-color-2); font-style: inherit;\">\u00ebni pages<\/span><span style=\"color: var(--ast-global-color-2); font-style: inherit;\">\u00ebn, ju lutem kontrolloni adres<\/span><span style=\"color: var(--ast-global-color-2); font-style: inherit;\">\u00ebn tuaj t<\/span><span style=\"color: var(--ast-global-color-2); font-style: inherit;\">\u00eb emailit, pasi aty do t<\/span><span style=\"color: var(--ast-global-color-2); font-style: inherit;\">\u00eb kontaktoheni nga Eriona.<\/span><\/p><\/h6>\t\t<\/div>\n\t\t\t\t<\/div>\n\t\t\t\t\t<\/div>\n\t\t<\/div>\n\t\t\t\t\t\t\t<\/div>\n\t\t<\/section>\n\t\t\t\t\t\t<\/div>\n\t\t\t\t\t<\/div>\n\t\t","protected":false},"excerpt":{"rendered":"<p>Konsult\u00eb Sh\u00ebndet\u00ebsore me Erion\u00ebn (15min) Keni nevoj\u00eb p\u00ebr nj\u00eb qasje m\u00eb t\u00eb thelluar dhe t\u00eb personalizuar p\u00ebr sh\u00ebndetin tuaj? Takimi fillestar prej 60 minutash \u00ebsht\u00eb nj\u00eb mund\u00ebsi ideale p\u00ebr t\u00eb eksploruar rr\u00ebnj\u00ebn e shqet\u00ebsimeve tuaja dhe p\u00ebr t\u00eb hartuar nj\u00eb plan q\u00eb i p\u00ebrshtatet nevojave tuaja. \u00c7far\u00eb p\u00ebrfshin ky takim? Diskutim i detajuar mbi shqet\u00ebsimet &hellip;<\/p>\n<p class=\"read-more\"> <a class=\"\" href=\"https:\/\/www.secretsofnatureltd.com\/al\/trajnim\/\"> <span class=\"screen-reader-text\">Trajnim<\/span> Read More &raquo;<\/a><\/p>\n","protected":false},"author":1,"featured_media":0,"parent":0,"menu_order":0,"comment_status":"closed","ping_status":"closed","template":"","meta":{"site-sidebar-layout":"no-sidebar","site-content-layout":"page-builder","ast-main-header-display":"","ast-hfb-above-header-display":"","ast-hfb-below-header-display":"","ast-hfb-mobile-header-display":"","site-post-title":"disabled","ast-breadcrumbs-content":"","ast-featured-img":"disabled","footer-sml-layout":"","theme-transparent-header-meta":"","adv-header-id-meta":"","stick-header-meta":"","header-above-stick-meta":"","header-main-stick-meta":"","header-below-stick-meta":"","footnotes":""},"class_list":["post-2199","page","type-page","status-publish","hentry"],"_links":{"self":[{"href":"https:\/\/www.secretsofnatureltd.com\/al\/wp-json\/wp\/v2\/pages\/2199","targetHints":{"allow":["GET"]}}],"collection":[{"href":"https:\/\/www.secretsofnatureltd.com\/al\/wp-json\/wp\/v2\/pages"}],"about":[{"href":"https:\/\/www.secretsofnatureltd.com\/al\/wp-json\/wp\/v2\/types\/page"}],"author":[{"embeddable":true,"href":"https:\/\/www.secretsofnatureltd.com\/al\/wp-json\/wp\/v2\/users\/1"}],"replies":[{"embeddable":true,"href":"https:\/\/www.secretsofnatureltd.com\/al\/wp-json\/wp\/v2\/comments?post=2199"}],"version-history":[{"count":131,"href":"https:\/\/www.secretsofnatureltd.com\/al\/wp-json\/wp\/v2\/pages\/2199\/revisions"}],"predecessor-version":[{"id":2821,"href":"https:\/\/www.secretsofnatureltd.com\/al\/wp-json\/wp\/v2\/pages\/2199\/revisions\/2821"}],"wp:attachment":[{"href":"https:\/\/www.secretsofnatureltd.com\/al\/wp-json\/wp\/v2\/media?parent=2199"}],"curies":[{"name":"wp","href":"https:\/\/api.w.org\/{rel}","templated":true}]}}